{"id":33,"date":"2025-09-29T14:44:19","date_gmt":"2025-09-29T14:44:19","guid":{"rendered":"https:\/\/chatterie-des-simply-red.fr\/?page_id=33"},"modified":"2026-03-23T14:23:28","modified_gmt":"2026-03-23T14:23:28","slug":"accueil","status":"publish","type":"page","link":"https:\/\/chatterie-des-simply-red.fr\/","title":{"rendered":"Bienvenue \u00e0 la Chatterie"},"content":{"rendered":"\n<h3 class=\"wp-block-heading alignwide has-text-align-center has-black-color has-text-color has-background has-link-color wp-elements-ea6c580f115703dfa4ba21b0d3616689\" id=\"@import-url('https:\/\/fonts.googleapis.com\/css2?family=Great+Vibes&amp;display=swap')\" style=\"background-color:#eddfc1;font-size:50px\"><strong>\u00c9levage familial de Maine Coons<\/strong><\/h3>\n\n\n<div class=\"wp-block-image .rounded20 is-style-rounded\">\n<figure class=\"aligncenter size-large is-resized\"><img loading=\"lazy\" decoding=\"async\" width=\"1024\" height=\"683\" src=\"https:\/\/chatterie-des-simply-red.fr\/wp-content\/uploads\/2026\/03\/file_000000009674720a9385b5130a46fd54-1024x683.png\" alt=\"\" class=\"wp-image-906\" style=\"aspect-ratio:3\/2;object-fit:contain;width:800px\" srcset=\"https:\/\/chatterie-des-simply-red.fr\/wp-content\/uploads\/2026\/03\/file_000000009674720a9385b5130a46fd54-1024x683.png 1024w, https:\/\/chatterie-des-simply-red.fr\/wp-content\/uploads\/2026\/03\/file_000000009674720a9385b5130a46fd54-300x200.png 300w, https:\/\/chatterie-des-simply-red.fr\/wp-content\/uploads\/2026\/03\/file_000000009674720a9385b5130a46fd54-768x512.png 768w, https:\/\/chatterie-des-simply-red.fr\/wp-content\/uploads\/2026\/03\/file_000000009674720a9385b5130a46fd54.png 1536w\" sizes=\"auto, (max-width: 1024px) 100vw, 1024px\" \/><figcaption class=\"wp-element-caption\"><em><strong>Utopie et Tisca en plein effort&#8230;<\/strong><\/em><\/figcaption><\/figure>\n<\/div>\n\n\n<div class=\"wp-block-group\"><div class=\"wp-block-group__inner-container is-layout-constrained wp-block-group-is-layout-constrained\">\n<h2 class=\"wp-block-heading has-text-align-center has-black-color has-text-color has-background has-link-color has-large-font-size wp-elements-bf75c3a05777c307dcaa94095f5b6701\" style=\"background-color:#de9d5c\">L\u2019histoire du Maine Coon<\/h2>\n<\/div><\/div>\n\n\n\n<p class=\"has-text-align-center\" style=\"font-size:16px\">Le <strong><em>Maine Coon<\/em><\/strong> est l\u2019une des races de chats les plus anciennes et embl\u00e9matiques d\u2019Am\u00e9rique du Nord.<br>Originaire de l\u2019\u00c9tat du <strong><em>Maine<\/em><\/strong>, au nord-est des \u00c9tats-Unis, il est souvent surnomm\u00e9 <em>le \u201c<strong>gentil g\u00e9ant<\/strong>\u201d<\/em> en raison de sa grande taille et de son caract\u00e8re doux et \u00e9quilibr\u00e9.<\/p>\n\n\n\n<div class=\"wp-block-group\"><div class=\"wp-block-group__inner-container is-layout-constrained wp-block-group-is-layout-constrained\">\n<h1 class=\"wp-block-heading has-text-align-center has-black-color has-text-color has-background has-link-color wp-elements-12d22b3b3814d0b0ff232ccdf9610f91\" style=\"background-color:#de9d5c;font-size:25px;font-style:normal;font-weight:400\">Des origines pleines de l\u00e9gendes<\/h1>\n<\/div><\/div>\n\n\n\n<p class=\"has-black-color has-text-color has-link-color wp-elements-f838089330b1e3eb5b3de2e12bea3b59\" style=\"font-size:16px\">Plusieurs histoires entourent la naissance du Maine Coon :<\/p>\n\n\n\n<p class=\"has-black-color has-text-color has-link-color wp-elements-8b45c4edf401ee698c074085858642bc\" style=\"font-size:16px\">Certains racontent qu\u2019il serait issu d\u2019un croisement entre <strong>c<em>hats domestiques et ratons laveurs<\/em> (\u201craccoons\u201d)<\/strong> \u2013 une id\u00e9e amusante, mais biologiquement impossible.<br>D\u2019autres pensent qu\u2019il descend des <strong><em>chats des marins europ\u00e9ens<\/em><\/strong> arriv\u00e9s sur la c\u00f4te du Maine au XVIIIe si\u00e8cle, ou m\u00eame des chats de <strong><em>Marie-Antoinette<\/em><\/strong>, envoy\u00e9s aux \u00c9tats-Unis avant la R\u00e9volution fran\u00e7aise.<\/p>\n\n\n\n<p class=\"has-black-color has-text-color has-link-color wp-elements-6eb798fb3b312fcc0fa4df0abbff0347\" style=\"font-size:16px\">Quoi qu\u2019il en soit, ces chats ont su <strong>s\u2019<em>adapter aux hivers rigoureux<\/em><\/strong> du Maine, d\u00e9veloppant une <strong><em>fourrure dense<\/em><\/strong>, une <strong><em>queue touffue<\/em><\/strong> et de <strong><em>larges pattes<\/em><\/strong> pour marcher dans la neige.<\/p>\n\n\n\n<div class=\"wp-block-group\"><div class=\"wp-block-group__inner-container is-layout-constrained wp-block-group-is-layout-constrained\">\n<h1 class=\"wp-block-heading has-text-align-center has-black-color has-text-color has-background has-link-color wp-elements-6672dd2a383f6385ecea371e5477b0e8\" style=\"background-color:#de9d5c;font-size:25px\">Une race naturelle et rustique<\/h1>\n<\/div><\/div>\n\n\n\n<p style=\"font-size:16px\">Le Maine Coon est avant tout une <strong><em>race naturelle<\/em><\/strong> : il n\u2019a pas \u00e9t\u00e9 cr\u00e9\u00e9 par croisement, mais par la s\u00e9lection naturelle.<br>Son gabarit impressionnant et sa sant\u00e9 robuste en ont fait un excellent <strong><em>chasseur de grange et de ferme<\/em><\/strong>, tr\u00e8s pris\u00e9 par les habitants du Maine pour \u00e9loigner les rongeurs.<\/p>\n\n\n\n<div class=\"wp-block-group\"><div class=\"wp-block-group__inner-container is-layout-constrained wp-block-group-is-layout-constrained\">\n<h1 class=\"wp-block-heading has-text-align-center has-black-color has-text-color has-background has-link-color wp-elements-d606bdcb1262ae079542be21f16026ce\" style=\"background-color:#de9d5c;font-size:25px\">De la ferme aux podiums<\/h1>\n<\/div><\/div>\n\n\n\n<p style=\"font-size:16px\">Pr\u00e9sent\u00e9 pour la premi\u00e8re fois en <strong><em>exposition f\u00e9line \u00e0 la fin du XIXe si\u00e8cle<\/em><\/strong>, le Maine Coon a connu un d\u00e9clin au d\u00e9but du XXe si\u00e8cle, \u00e9clips\u00e9 par les races exotiques venues d\u2019Europe.<br>Mais gr\u00e2ce \u00e0 la passion de quelques \u00e9leveurs am\u00e9ricains, la race a \u00e9t\u00e9 <strong><em>sauv\u00e9e et relanc\u00e9e dans les ann\u00e9es 1970<\/em><\/strong>.<br>Depuis, le Maine Coon s\u2019est impos\u00e9 comme <strong><em>l\u2019une des races les plus populaires au monde<\/em><\/strong>.<\/p>\n\n\n\n<div class=\"wp-block-group\"><div class=\"wp-block-group__inner-container is-layout-constrained wp-block-group-is-layout-constrained\">\n<h1 class=\"wp-block-heading has-text-align-center has-black-color has-text-color has-background has-link-color wp-elements-de3a33c90e40c97d28843798407a1961\" style=\"background-color:#de9d5c;font-size:20px\">Le \u201cgentil g\u00e9ant\u201d<\/h1>\n<\/div><\/div>\n\n\n\n<p style=\"font-size:16px\">Sociable, curieux et fid\u00e8le, le Maine Coon est un compagnon id\u00e9al.<br>En effet, il aime participer \u00e0 la vie de famille, suit souvent ses humains d\u2019une pi\u00e8ce \u00e0 l\u2019autre et s\u2019entend tr\u00e8s bien avec les enfants comme avec les autres animaux.<\/p>\n\n\n\n<p style=\"font-size:16px\">Sous son allure majestueuse se cache un chat<em><strong> affectueux, doux et intelligent<\/strong><\/em> : un v\u00e9ritable membre de la famille.<\/p>\n\n\n\n<p style=\"font-size:16px\">\u00c0 la <strong><em>Chatterie des Simply Red<\/em><\/strong>, nous mettons un point d\u2019honneur \u00e0 pr\u00e9server cette lign\u00e9e exceptionnelle. Ainsi, beaut\u00e9, sant\u00e9 et caract\u00e8re \u00e9quilibr\u00e9 sont au c\u0153ur de notre \u00e9levage.<\/p>\n\n\n\n<div class=\"wp-block-group\"><div class=\"wp-block-group__inner-container is-layout-constrained wp-block-group-is-layout-constrained\">\n<h1 class=\"wp-block-heading has-text-align-center has-black-color has-text-color has-background has-link-color wp-elements-fb93b6f0d8f0ae3c123e9bc3f6e3fddd\" style=\"background-color:#de9d5c;font-size:25px\">Notre travail <\/h1>\n<\/div><\/div>\n\n\n\n<p style=\"font-size:16px\">Chaque reproducteur est test\u00e9 (<em><strong>HCM, SMA, PKDef<\/strong><\/em>). De plus, une \u00e9chographie cardiaque et abdominale est r\u00e9alis\u00e9e tous les deux ans.<\/p>\n\n\n\n<p style=\"font-size:16px\"><em>Les chatons quittent la chatterie identifi\u00e9s, vaccin\u00e9s, inscrits au LOOF, test\u00e9s, st\u00e9rilis\u00e9s et accompagn\u00e9s.<\/em><\/p>\n\n\n\n<p class=\"has-text-align-center\" style=\"font-size:16px\">Par ailleurs, je travaille principalement les couleurs roux (red) et cr\u00e8me, avec des marquages <strong><em>tabby mackere<\/em><\/strong>l et <strong><em>tabby blotched<\/em><\/strong>, afin de mettre en valeur toute la richesse et la profondeur de ces robes flamboyantes.<\/p>\n\n\n\n<div class=\"wp-block-group\"><div class=\"wp-block-group__inner-container is-layout-constrained wp-block-group-is-layout-constrained\">\n<h1 class=\"wp-block-heading has-text-align-center has-black-color has-text-color has-background has-link-color wp-elements-f36748cdbcf5e9bd0e2aa8c8f60c3730\" style=\"background-color:#de9d5c;font-size:28px\">Nos pages<\/h1>\n<\/div><\/div>\n\n\n\n<p class=\"has-text-align-center has-black-color has-text-color has-link-color wp-elements-545ed1ddb912a91eb38b07ab0e81ce2c\" style=\"font-size:16px\"> \ud83c\udfe1<strong><em><a href=\"https:\/\/chatterie-des-simply-red.fr\/index.php\/la-chatterie\/\"> Nos conditions d&rsquo;adoptions <\/a><\/em><\/strong><\/p>\n\n\n\n<p class=\"has-text-align-center has-black-color has-text-color has-link-color wp-elements-3f1a13c85bf20412659fe46113eab0d9\" style=\"font-size:16px\"><em><strong> <a href=\"https:\/\/chatterie-des-simply-red.fr\/index.php\/nos-chats\/\">Nos chats<\/a>  \ud83d\udc08<\/strong><\/em><\/p>\n\n\n\n<p class=\"has-text-align-center has-black-color has-text-color has-link-color wp-elements-b516506f4188b1d64dd0e67659da957f\" style=\"font-size:16px\">\ud83d\ude3b <strong><em><a href=\"https:\/\/chatterie-des-simply-red.fr\/index.php\/chatons\/\">Nos chatons<\/a> <\/em><\/strong><\/p>\n\n\n\n<p class=\"has-text-align-center has-black-color has-text-color has-link-color wp-elements-c47cc37c2e6a2b0ca41e7cb434231211\" style=\"font-size:16px\"><strong><em><a href=\"https:\/\/chatterie-des-simply-red.fr\/index.php\/contact\/\">Nous contacter<\/a><\/em><\/strong> \ud83d\udcac<\/p>\n\n\n\n<p><\/p>\n","protected":false},"excerpt":{"rendered":"<p>\u00c9levage familial de Maine Coons L\u2019histoire du Maine Coon Le Maine Coon est l\u2019une des races de chats les plus anciennes et embl\u00e9matiques d\u2019Am\u00e9rique du Nord.Originaire de l\u2019\u00c9tat du Maine, au nord-est des \u00c9tats-Unis, il est souvent surnomm\u00e9 le \u201cgentil g\u00e9ant\u201d en raison de sa grande taille et de son caract\u00e8re doux et \u00e9quilibr\u00e9. Des [&hellip;]<\/p>\n","protected":false},"author":1,"featured_media":910,"parent":0,"menu_order":0,"comment_status":"closed","ping_status":"closed","template":"","meta":{"ocean_post_layout":"","ocean_both_sidebars_style":"","ocean_both_sidebars_content_width":0,"ocean_both_sidebars_sidebars_width":0,"ocean_sidebar":"","ocean_second_sidebar":"","ocean_disable_margins":"enable","ocean_add_body_class":"","ocean_shortcode_before_top_bar":"","ocean_shortcode_after_top_bar":"","ocean_shortcode_before_header":"","ocean_shortcode_after_header":"","ocean_has_shortcode":"","ocean_shortcode_after_title":"","ocean_shortcode_before_footer_widgets":"","ocean_shortcode_after_footer_widgets":"","ocean_shortcode_before_footer_bottom":"","ocean_shortcode_after_footer_bottom":"","ocean_display_top_bar":"default","ocean_display_header":"default","ocean_header_style":"","ocean_center_header_left_menu":"","ocean_custom_header_template":"","ocean_custom_logo":0,"ocean_custom_retina_logo":0,"ocean_custom_logo_max_width":0,"ocean_custom_logo_tablet_max_width":0,"ocean_custom_logo_mobile_max_width":0,"ocean_custom_logo_max_height":0,"ocean_custom_logo_tablet_max_height":0,"ocean_custom_logo_mobile_max_height":0,"ocean_header_custom_menu":"","ocean_menu_typo_font_family":"","ocean_menu_typo_font_subset":"","ocean_menu_typo_font_size":0,"ocean_menu_typo_font_size_tablet":0,"ocean_menu_typo_font_size_mobile":0,"ocean_menu_typo_font_size_unit":"px","ocean_menu_typo_font_weight":"","ocean_menu_typo_font_weight_tablet":"","ocean_menu_typo_font_weight_mobile":"","ocean_menu_typo_transform":"","ocean_menu_typo_transform_tablet":"","ocean_menu_typo_transform_mobile":"","ocean_menu_typo_line_height":0,"ocean_menu_typo_line_height_tablet":0,"ocean_menu_typo_line_height_mobile":0,"ocean_menu_typo_line_height_unit":"","ocean_menu_typo_spacing":0,"ocean_menu_typo_spacing_tablet":0,"ocean_menu_typo_spacing_mobile":0,"ocean_menu_typo_spacing_unit":"","ocean_menu_link_color":"","ocean_menu_link_color_hover":"","ocean_menu_link_color_active":"","ocean_menu_link_background":"","ocean_menu_link_hover_background":"","ocean_menu_link_active_background":"","ocean_menu_social_links_bg":"","ocean_menu_social_hover_links_bg":"","ocean_menu_social_links_color":"","ocean_menu_social_hover_links_color":"","ocean_disable_title":"default","ocean_disable_heading":"default","ocean_post_title":"","ocean_post_subheading":"","ocean_post_title_style":"","ocean_post_title_background_color":"","ocean_post_title_background":0,"ocean_post_title_bg_image_position":"","ocean_post_title_bg_image_attachment":"","ocean_post_title_bg_image_repeat":"","ocean_post_title_bg_image_size":"","ocean_post_title_height":0,"ocean_post_title_bg_overlay":0.5,"ocean_post_title_bg_overlay_color":"","ocean_disable_breadcrumbs":"default","ocean_breadcrumbs_color":"","ocean_breadcrumbs_separator_color":"","ocean_breadcrumbs_links_color":"","ocean_breadcrumbs_links_hover_color":"","ocean_display_footer_widgets":"default","ocean_display_footer_bottom":"default","ocean_custom_footer_template":"","footnotes":""},"class_list":["post-33","page","type-page","status-publish","has-post-thumbnail","hentry","entry","has-media"],"yoast_head":"<!-- This site is optimized with the Yoast SEO plugin v27.2 - https:\/\/yoast.com\/product\/yoast-seo-wordpress\/ -->\n<title>Bienvenue \u00e0 la Chatterie - Chatterie des Simply Red<\/title>\n<meta name=\"robots\" content=\"index, follow, max-snippet:-1, max-image-preview:large, max-video-preview:-1\" \/>\n<link rel=\"canonical\" href=\"https:\/\/chatterie-des-simply-red.fr\/\" \/>\n<meta property=\"og:locale\" content=\"fr_FR\" \/>\n<meta property=\"og:type\" content=\"article\" \/>\n<meta property=\"og:title\" content=\"Bienvenue \u00e0 la Chatterie - Chatterie des Simply Red\" \/>\n<meta property=\"og:description\" content=\"\u00c9levage familial de Maine Coons L\u2019histoire du Maine Coon Le Maine Coon est l\u2019une des races de chats les plus anciennes et embl\u00e9matiques d\u2019Am\u00e9rique du Nord.Originaire de l\u2019\u00c9tat du Maine, au nord-est des \u00c9tats-Unis, il est souvent surnomm\u00e9 le \u201cgentil g\u00e9ant\u201d en raison de sa grande taille et de son caract\u00e8re doux et \u00e9quilibr\u00e9. Des [&hellip;]\" \/>\n<meta property=\"og:url\" content=\"https:\/\/chatterie-des-simply-red.fr\/\" \/>\n<meta property=\"og:site_name\" content=\"Chatterie des Simply Red\" \/>\n<meta property=\"article:modified_time\" content=\"2026-03-23T14:23:28+00:00\" \/>\n<meta property=\"og:image\" content=\"https:\/\/chatterie-des-simply-red.fr\/wp-content\/uploads\/2026\/03\/logo_resized.png\" \/>\n\t<meta property=\"og:image:width\" content=\"300\" \/>\n\t<meta property=\"og:image:height\" content=\"300\" \/>\n\t<meta property=\"og:image:type\" content=\"image\/png\" \/>\n<meta name=\"twitter:card\" content=\"summary_large_image\" \/>\n<meta name=\"twitter:label1\" content=\"Dur\u00e9e de lecture estim\u00e9e\" \/>\n\t<meta name=\"twitter:data1\" content=\"3 minutes\" \/>\n<script type=\"application\/ld+json\" class=\"yoast-schema-graph\">{\"@context\":\"https:\/\/schema.org\",\"@graph\":[{\"@type\":\"WebPage\",\"@id\":\"https:\/\/chatterie-des-simply-red.fr\/\",\"url\":\"https:\/\/chatterie-des-simply-red.fr\/\",\"name\":\"Bienvenue \u00e0 la Chatterie - Chatterie des Simply Red\",\"isPartOf\":{\"@id\":\"https:\/\/chatterie-des-simply-red.fr\/#website\"},\"primaryImageOfPage\":{\"@id\":\"https:\/\/chatterie-des-simply-red.fr\/#primaryimage\"},\"image\":{\"@id\":\"https:\/\/chatterie-des-simply-red.fr\/#primaryimage\"},\"thumbnailUrl\":\"https:\/\/chatterie-des-simply-red.fr\/wp-content\/uploads\/2026\/03\/logo_resized.png\",\"datePublished\":\"2025-09-29T14:44:19+00:00\",\"dateModified\":\"2026-03-23T14:23:28+00:00\",\"breadcrumb\":{\"@id\":\"https:\/\/chatterie-des-simply-red.fr\/#breadcrumb\"},\"inLanguage\":\"fr-FR\",\"potentialAction\":[{\"@type\":\"ReadAction\",\"target\":[\"https:\/\/chatterie-des-simply-red.fr\/\"]}]},{\"@type\":\"ImageObject\",\"inLanguage\":\"fr-FR\",\"@id\":\"https:\/\/chatterie-des-simply-red.fr\/#primaryimage\",\"url\":\"https:\/\/chatterie-des-simply-red.fr\/wp-content\/uploads\/2026\/03\/logo_resized.png\",\"contentUrl\":\"https:\/\/chatterie-des-simply-red.fr\/wp-content\/uploads\/2026\/03\/logo_resized.png\",\"width\":300,\"height\":300},{\"@type\":\"BreadcrumbList\",\"@id\":\"https:\/\/chatterie-des-simply-red.fr\/#breadcrumb\",\"itemListElement\":[{\"@type\":\"ListItem\",\"position\":1,\"name\":\"Accueil\",\"item\":\"https:\/\/chatterie-des-simply-red.fr\/\"},{\"@type\":\"ListItem\",\"position\":2,\"name\":\"Bienvenue \u00e0 la Chatterie\"}]},{\"@type\":\"WebSite\",\"@id\":\"https:\/\/chatterie-des-simply-red.fr\/#website\",\"url\":\"https:\/\/chatterie-des-simply-red.fr\/\",\"name\":\"Chatterie des Simply Red\",\"description\":\"\u00c9levage familial de Maine Coons\",\"publisher\":{\"@id\":\"https:\/\/chatterie-des-simply-red.fr\/#organization\"},\"potentialAction\":[{\"@type\":\"SearchAction\",\"target\":{\"@type\":\"EntryPoint\",\"urlTemplate\":\"https:\/\/chatterie-des-simply-red.fr\/?s={search_term_string}\"},\"query-input\":{\"@type\":\"PropertyValueSpecification\",\"valueRequired\":true,\"valueName\":\"search_term_string\"}}],\"inLanguage\":\"fr-FR\"},{\"@type\":\"Organization\",\"@id\":\"https:\/\/chatterie-des-simply-red.fr\/#organization\",\"name\":\"Chatterie des Simply Red\",\"url\":\"https:\/\/chatterie-des-simply-red.fr\/\",\"logo\":{\"@type\":\"ImageObject\",\"inLanguage\":\"fr-FR\",\"@id\":\"https:\/\/chatterie-des-simply-red.fr\/#\/schema\/logo\/image\/\",\"url\":\"https:\/\/chatterie-des-simply-red.fr\/wp-content\/uploads\/2025\/09\/cropped-cropped-cropped-cropped-cropped-logo_resized-1-1.png\",\"contentUrl\":\"https:\/\/chatterie-des-simply-red.fr\/wp-content\/uploads\/2025\/09\/cropped-cropped-cropped-cropped-cropped-logo_resized-1-1.png\",\"width\":80,\"height\":73,\"caption\":\"Chatterie des Simply Red\"},\"image\":{\"@id\":\"https:\/\/chatterie-des-simply-red.fr\/#\/schema\/logo\/image\/\"}}]}<\/script>\n<!-- \/ Yoast SEO plugin. -->","yoast_head_json":{"title":"Bienvenue \u00e0 la Chatterie - Chatterie des Simply Red","robots":{"index":"index","follow":"follow","max-snippet":"max-snippet:-1","max-image-preview":"max-image-preview:large","max-video-preview":"max-video-preview:-1"},"canonical":"https:\/\/chatterie-des-simply-red.fr\/","og_locale":"fr_FR","og_type":"article","og_title":"Bienvenue \u00e0 la Chatterie - Chatterie des Simply Red","og_description":"\u00c9levage familial de Maine Coons L\u2019histoire du Maine Coon Le Maine Coon est l\u2019une des races de chats les plus anciennes et embl\u00e9matiques d\u2019Am\u00e9rique du Nord.Originaire de l\u2019\u00c9tat du Maine, au nord-est des \u00c9tats-Unis, il est souvent surnomm\u00e9 le \u201cgentil g\u00e9ant\u201d en raison de sa grande taille et de son caract\u00e8re doux et \u00e9quilibr\u00e9. Des [&hellip;]","og_url":"https:\/\/chatterie-des-simply-red.fr\/","og_site_name":"Chatterie des Simply Red","article_modified_time":"2026-03-23T14:23:28+00:00","og_image":[{"width":300,"height":300,"url":"https:\/\/chatterie-des-simply-red.fr\/wp-content\/uploads\/2026\/03\/logo_resized.png","type":"image\/png"}],"twitter_card":"summary_large_image","twitter_misc":{"Dur\u00e9e de lecture estim\u00e9e":"3 minutes"},"schema":{"@context":"https:\/\/schema.org","@graph":[{"@type":"WebPage","@id":"https:\/\/chatterie-des-simply-red.fr\/","url":"https:\/\/chatterie-des-simply-red.fr\/","name":"Bienvenue \u00e0 la Chatterie - Chatterie des Simply Red","isPartOf":{"@id":"https:\/\/chatterie-des-simply-red.fr\/#website"},"primaryImageOfPage":{"@id":"https:\/\/chatterie-des-simply-red.fr\/#primaryimage"},"image":{"@id":"https:\/\/chatterie-des-simply-red.fr\/#primaryimage"},"thumbnailUrl":"https:\/\/chatterie-des-simply-red.fr\/wp-content\/uploads\/2026\/03\/logo_resized.png","datePublished":"2025-09-29T14:44:19+00:00","dateModified":"2026-03-23T14:23:28+00:00","breadcrumb":{"@id":"https:\/\/chatterie-des-simply-red.fr\/#breadcrumb"},"inLanguage":"fr-FR","potentialAction":[{"@type":"ReadAction","target":["https:\/\/chatterie-des-simply-red.fr\/"]}]},{"@type":"ImageObject","inLanguage":"fr-FR","@id":"https:\/\/chatterie-des-simply-red.fr\/#primaryimage","url":"https:\/\/chatterie-des-simply-red.fr\/wp-content\/uploads\/2026\/03\/logo_resized.png","contentUrl":"https:\/\/chatterie-des-simply-red.fr\/wp-content\/uploads\/2026\/03\/logo_resized.png","width":300,"height":300},{"@type":"BreadcrumbList","@id":"https:\/\/chatterie-des-simply-red.fr\/#breadcrumb","itemListElement":[{"@type":"ListItem","position":1,"name":"Accueil","item":"https:\/\/chatterie-des-simply-red.fr\/"},{"@type":"ListItem","position":2,"name":"Bienvenue \u00e0 la Chatterie"}]},{"@type":"WebSite","@id":"https:\/\/chatterie-des-simply-red.fr\/#website","url":"https:\/\/chatterie-des-simply-red.fr\/","name":"Chatterie des Simply Red","description":"\u00c9levage familial de Maine Coons","publisher":{"@id":"https:\/\/chatterie-des-simply-red.fr\/#organization"},"potentialAction":[{"@type":"SearchAction","target":{"@type":"EntryPoint","urlTemplate":"https:\/\/chatterie-des-simply-red.fr\/?s={search_term_string}"},"query-input":{"@type":"PropertyValueSpecification","valueRequired":true,"valueName":"search_term_string"}}],"inLanguage":"fr-FR"},{"@type":"Organization","@id":"https:\/\/chatterie-des-simply-red.fr\/#organization","name":"Chatterie des Simply Red","url":"https:\/\/chatterie-des-simply-red.fr\/","logo":{"@type":"ImageObject","inLanguage":"fr-FR","@id":"https:\/\/chatterie-des-simply-red.fr\/#\/schema\/logo\/image\/","url":"https:\/\/chatterie-des-simply-red.fr\/wp-content\/uploads\/2025\/09\/cropped-cropped-cropped-cropped-cropped-logo_resized-1-1.png","contentUrl":"https:\/\/chatterie-des-simply-red.fr\/wp-content\/uploads\/2025\/09\/cropped-cropped-cropped-cropped-cropped-logo_resized-1-1.png","width":80,"height":73,"caption":"Chatterie des Simply Red"},"image":{"@id":"https:\/\/chatterie-des-simply-red.fr\/#\/schema\/logo\/image\/"}}]}},"_links":{"self":[{"href":"https:\/\/chatterie-des-simply-red.fr\/index.php\/wp-json\/wp\/v2\/pages\/33","targetHints":{"allow":["GET"]}}],"collection":[{"href":"https:\/\/chatterie-des-simply-red.fr\/index.php\/wp-json\/wp\/v2\/pages"}],"about":[{"href":"https:\/\/chatterie-des-simply-red.fr\/index.php\/wp-json\/wp\/v2\/types\/page"}],"author":[{"embeddable":true,"href":"https:\/\/chatterie-des-simply-red.fr\/index.php\/wp-json\/wp\/v2\/users\/1"}],"replies":[{"embeddable":true,"href":"https:\/\/chatterie-des-simply-red.fr\/index.php\/wp-json\/wp\/v2\/comments?post=33"}],"version-history":[{"count":175,"href":"https:\/\/chatterie-des-simply-red.fr\/index.php\/wp-json\/wp\/v2\/pages\/33\/revisions"}],"predecessor-version":[{"id":907,"href":"https:\/\/chatterie-des-simply-red.fr\/index.php\/wp-json\/wp\/v2\/pages\/33\/revisions\/907"}],"wp:featuredmedia":[{"embeddable":true,"href":"https:\/\/chatterie-des-simply-red.fr\/index.php\/wp-json\/wp\/v2\/media\/910"}],"wp:attachment":[{"href":"https:\/\/chatterie-des-simply-red.fr\/index.php\/wp-json\/wp\/v2\/media?parent=33"}],"curies":[{"name":"wp","href":"https:\/\/api.w.org\/{rel}","templated":true}]}}