{"id":35,"date":"2025-09-29T14:44:19","date_gmt":"2025-09-29T14:44:19","guid":{"rendered":"https:\/\/chatterie-des-simply-red.fr\/?page_id=35"},"modified":"2026-03-22T09:57:18","modified_gmt":"2026-03-22T09:57:18","slug":"nos-chats","status":"publish","type":"page","link":"https:\/\/chatterie-des-simply-red.fr\/index.php\/nos-chats\/","title":{"rendered":"Nos Chats"},"content":{"rendered":"\n<h1 class=\"wp-block-heading has-text-align-center has-black-color has-text-color has-background has-link-color has-large-font-size wp-elements-91899a05489cfcb73ed0c010fd6100d2\" style=\"background-color:#de9d5c\">Notre M\u00e2le<\/h1>\n\n\n\n<blockquote class=\"wp-block-quote is-style-plain is-layout-flow wp-block-quote-is-layout-flow\">\n<h3 class=\"wp-block-heading has-text-align-center has-black-color has-text-color has-link-color has-medium-font-size wp-elements-4f726ce677c1a86beaad79d004b9bcab\"><em>Vikking Da Vinci&rsquo;s Coon<\/em><\/h3>\n<\/blockquote>\n\n\n\n<figure class=\"wp-block-gallery has-nested-images columns-default is-cropped wp-block-gallery-1 is-layout-flex wp-block-gallery-is-layout-flex\">\n<figure class=\"wp-block-image size-large\"><img loading=\"lazy\" decoding=\"async\" width=\"577\" height=\"1024\" data-id=\"243\" src=\"https:\/\/chatterie-des-simply-red.fr\/wp-content\/uploads\/2025\/11\/20251016_164202-577x1024.jpg\" alt=\"\" class=\"wp-image-243\" srcset=\"https:\/\/chatterie-des-simply-red.fr\/wp-content\/uploads\/2025\/11\/20251016_164202-577x1024.jpg 577w, https:\/\/chatterie-des-simply-red.fr\/wp-content\/uploads\/2025\/11\/20251016_164202-169x300.jpg 169w, https:\/\/chatterie-des-simply-red.fr\/wp-content\/uploads\/2025\/11\/20251016_164202-768x1364.jpg 768w, https:\/\/chatterie-des-simply-red.fr\/wp-content\/uploads\/2025\/11\/20251016_164202-865x1536.jpg 865w, https:\/\/chatterie-des-simply-red.fr\/wp-content\/uploads\/2025\/11\/20251016_164202-1153x2048.jpg 1153w, https:\/\/chatterie-des-simply-red.fr\/wp-content\/uploads\/2025\/11\/20251016_164202-scaled.jpg 1441w\" sizes=\"auto, (max-width: 577px) 100vw, 577px\" \/><\/figure>\n\n\n\n<figure class=\"wp-block-image size-large\"><img loading=\"lazy\" decoding=\"async\" width=\"807\" height=\"1024\" data-id=\"245\" src=\"https:\/\/chatterie-des-simply-red.fr\/wp-content\/uploads\/2025\/11\/20251016_1642051-807x1024.jpg\" alt=\"\" class=\"wp-image-245\" srcset=\"https:\/\/chatterie-des-simply-red.fr\/wp-content\/uploads\/2025\/11\/20251016_1642051-807x1024.jpg 807w, https:\/\/chatterie-des-simply-red.fr\/wp-content\/uploads\/2025\/11\/20251016_1642051-236x300.jpg 236w, https:\/\/chatterie-des-simply-red.fr\/wp-content\/uploads\/2025\/11\/20251016_1642051-768x975.jpg 768w, https:\/\/chatterie-des-simply-red.fr\/wp-content\/uploads\/2025\/11\/20251016_1642051-1210x1536.jpg 1210w, https:\/\/chatterie-des-simply-red.fr\/wp-content\/uploads\/2025\/11\/20251016_1642051-1614x2048.jpg 1614w, https:\/\/chatterie-des-simply-red.fr\/wp-content\/uploads\/2025\/11\/20251016_1642051-scaled.jpg 2017w\" sizes=\"auto, (max-width: 807px) 100vw, 807px\" \/><figcaption class=\"wp-element-caption\"><em>Vikking Red Mackrel Tabby<\/em><\/figcaption><\/figure>\n\n\n\n<figure class=\"wp-block-image size-large\"><img loading=\"lazy\" decoding=\"async\" width=\"577\" height=\"1024\" data-id=\"244\" src=\"https:\/\/chatterie-des-simply-red.fr\/wp-content\/uploads\/2025\/11\/20251016_164226-577x1024.jpg\" alt=\"\" class=\"wp-image-244\" srcset=\"https:\/\/chatterie-des-simply-red.fr\/wp-content\/uploads\/2025\/11\/20251016_164226-577x1024.jpg 577w, https:\/\/chatterie-des-simply-red.fr\/wp-content\/uploads\/2025\/11\/20251016_164226-169x300.jpg 169w, https:\/\/chatterie-des-simply-red.fr\/wp-content\/uploads\/2025\/11\/20251016_164226-768x1364.jpg 768w, https:\/\/chatterie-des-simply-red.fr\/wp-content\/uploads\/2025\/11\/20251016_164226-865x1536.jpg 865w, https:\/\/chatterie-des-simply-red.fr\/wp-content\/uploads\/2025\/11\/20251016_164226-1153x2048.jpg 1153w, https:\/\/chatterie-des-simply-red.fr\/wp-content\/uploads\/2025\/11\/20251016_164226-scaled.jpg 1441w\" sizes=\"auto, (max-width: 577px) 100vw, 577px\" \/><\/figure>\n<\/figure>\n\n\n\n<div style=\"height:46px\" aria-hidden=\"true\" class=\"wp-block-spacer\"><\/div>\n\n\n\n<h1 class=\"wp-block-heading has-text-align-center has-black-color has-text-color has-background has-link-color has-large-font-size wp-elements-f8cdb3d866ff7fae4bd6d8ce5bc722a6\" style=\"background-color:#de9d5c\">Nos Femelles<\/h1>\n\n\n\n<div style=\"height:10px\" aria-hidden=\"true\" class=\"wp-block-spacer\"><\/div>\n\n\n\n<div class=\"wp-block-group\"><div class=\"wp-block-group__inner-container is-layout-constrained wp-block-group-is-layout-constrained\">\n<blockquote class=\"wp-block-quote has-text-align-center is-layout-flow wp-block-quote-is-layout-flow\">\n<h3 class=\"wp-block-heading has-black-color has-text-color has-link-color has-medium-font-size wp-elements-bfe93768d8f4974e0f53af33eae2dc0a\"><em>Tisca Des \u00c9toiles de Zeus<\/em><\/h3>\n<\/blockquote>\n<\/div><\/div>\n\n\n\n<figure class=\"wp-block-gallery has-nested-images columns-default is-cropped wp-block-gallery-2 is-layout-flex wp-block-gallery-is-layout-flex\">\n<figure class=\"wp-block-image size-large\"><img loading=\"lazy\" decoding=\"async\" width=\"577\" height=\"1024\" data-id=\"255\" src=\"https:\/\/chatterie-des-simply-red.fr\/wp-content\/uploads\/2025\/11\/FB_IMG_1759148646571-577x1024.jpg\" alt=\"\" class=\"wp-image-255\" srcset=\"https:\/\/chatterie-des-simply-red.fr\/wp-content\/uploads\/2025\/11\/FB_IMG_1759148646571-577x1024.jpg 577w, https:\/\/chatterie-des-simply-red.fr\/wp-content\/uploads\/2025\/11\/FB_IMG_1759148646571-169x300.jpg 169w, https:\/\/chatterie-des-simply-red.fr\/wp-content\/uploads\/2025\/11\/FB_IMG_1759148646571-768x1364.jpg 768w, https:\/\/chatterie-des-simply-red.fr\/wp-content\/uploads\/2025\/11\/FB_IMG_1759148646571-865x1536.jpg 865w, https:\/\/chatterie-des-simply-red.fr\/wp-content\/uploads\/2025\/11\/FB_IMG_1759148646571.jpg 1153w\" sizes=\"auto, (max-width: 577px) 100vw, 577px\" \/><figcaption class=\"wp-element-caption\"><em>Tisca Cr\u00e8me smoke<\/em><\/figcaption><\/figure>\n\n\n\n<figure class=\"wp-block-image size-large\"><img loading=\"lazy\" decoding=\"async\" width=\"577\" height=\"1024\" data-id=\"256\" src=\"https:\/\/chatterie-des-simply-red.fr\/wp-content\/uploads\/2025\/11\/20250905_202802-577x1024.jpg\" alt=\"\" class=\"wp-image-256\" srcset=\"https:\/\/chatterie-des-simply-red.fr\/wp-content\/uploads\/2025\/11\/20250905_202802-577x1024.jpg 577w, https:\/\/chatterie-des-simply-red.fr\/wp-content\/uploads\/2025\/11\/20250905_202802-169x300.jpg 169w, https:\/\/chatterie-des-simply-red.fr\/wp-content\/uploads\/2025\/11\/20250905_202802-768x1364.jpg 768w, https:\/\/chatterie-des-simply-red.fr\/wp-content\/uploads\/2025\/11\/20250905_202802-865x1536.jpg 865w, https:\/\/chatterie-des-simply-red.fr\/wp-content\/uploads\/2025\/11\/20250905_202802-1153x2048.jpg 1153w, https:\/\/chatterie-des-simply-red.fr\/wp-content\/uploads\/2025\/11\/20250905_202802-scaled.jpg 1441w\" sizes=\"auto, (max-width: 577px) 100vw, 577px\" \/><\/figure>\n\n\n\n<figure class=\"wp-block-image size-large\"><img loading=\"lazy\" decoding=\"async\" width=\"577\" height=\"1024\" data-id=\"257\" src=\"https:\/\/chatterie-des-simply-red.fr\/wp-content\/uploads\/2025\/11\/20250906_123406-577x1024.jpg\" alt=\"\" class=\"wp-image-257\" srcset=\"https:\/\/chatterie-des-simply-red.fr\/wp-content\/uploads\/2025\/11\/20250906_123406-577x1024.jpg 577w, https:\/\/chatterie-des-simply-red.fr\/wp-content\/uploads\/2025\/11\/20250906_123406-169x300.jpg 169w, https:\/\/chatterie-des-simply-red.fr\/wp-content\/uploads\/2025\/11\/20250906_123406-768x1364.jpg 768w, https:\/\/chatterie-des-simply-red.fr\/wp-content\/uploads\/2025\/11\/20250906_123406-865x1536.jpg 865w, https:\/\/chatterie-des-simply-red.fr\/wp-content\/uploads\/2025\/11\/20250906_123406-1153x2048.jpg 1153w, https:\/\/chatterie-des-simply-red.fr\/wp-content\/uploads\/2025\/11\/20250906_123406-scaled.jpg 1441w\" sizes=\"auto, (max-width: 577px) 100vw, 577px\" \/><\/figure>\n<\/figure>\n\n\n\n<div style=\"height:45px\" aria-hidden=\"true\" class=\"wp-block-spacer\"><\/div>\n\n\n\n<blockquote class=\"wp-block-quote has-text-align-center is-layout-flow wp-block-quote-is-layout-flow\">\n<h3 class=\"wp-block-heading has-black-color has-text-color has-link-color has-medium-font-size wp-elements-0070e04e6d97a387d9eeab07ba11a59c\"><em>Utopie Des 100 Sous \u00c9toil\u00e9s<\/em><\/h3>\n<\/blockquote>\n\n\n\n<div style=\"height:19px\" aria-hidden=\"true\" class=\"wp-block-spacer\"><\/div>\n\n\n\n<figure class=\"wp-block-gallery has-nested-images columns-default is-cropped wp-block-gallery-3 is-layout-flex wp-block-gallery-is-layout-flex\">\n<figure class=\"wp-block-image size-large\"><img loading=\"lazy\" decoding=\"async\" width=\"577\" height=\"1024\" data-id=\"246\" src=\"https:\/\/chatterie-des-simply-red.fr\/wp-content\/uploads\/2025\/11\/20251016_164306-577x1024.jpg\" alt=\"\" class=\"wp-image-246\" srcset=\"https:\/\/chatterie-des-simply-red.fr\/wp-content\/uploads\/2025\/11\/20251016_164306-577x1024.jpg 577w, https:\/\/chatterie-des-simply-red.fr\/wp-content\/uploads\/2025\/11\/20251016_164306-169x300.jpg 169w, https:\/\/chatterie-des-simply-red.fr\/wp-content\/uploads\/2025\/11\/20251016_164306-768x1364.jpg 768w, https:\/\/chatterie-des-simply-red.fr\/wp-content\/uploads\/2025\/11\/20251016_164306-865x1536.jpg 865w, https:\/\/chatterie-des-simply-red.fr\/wp-content\/uploads\/2025\/11\/20251016_164306-1153x2048.jpg 1153w, https:\/\/chatterie-des-simply-red.fr\/wp-content\/uploads\/2025\/11\/20251016_164306-scaled.jpg 1441w\" sizes=\"auto, (max-width: 577px) 100vw, 577px\" \/><figcaption class=\"wp-element-caption\"><em>Utopie Red Blotched Tabby<\/em><\/figcaption><\/figure>\n\n\n\n<figure class=\"wp-block-image size-large\"><img loading=\"lazy\" decoding=\"async\" width=\"577\" height=\"1024\" data-id=\"247\" src=\"https:\/\/chatterie-des-simply-red.fr\/wp-content\/uploads\/2025\/11\/20251016_164328-577x1024.jpg\" alt=\"\" class=\"wp-image-247\" srcset=\"https:\/\/chatterie-des-simply-red.fr\/wp-content\/uploads\/2025\/11\/20251016_164328-577x1024.jpg 577w, https:\/\/chatterie-des-simply-red.fr\/wp-content\/uploads\/2025\/11\/20251016_164328-169x300.jpg 169w, https:\/\/chatterie-des-simply-red.fr\/wp-content\/uploads\/2025\/11\/20251016_164328-768x1364.jpg 768w, https:\/\/chatterie-des-simply-red.fr\/wp-content\/uploads\/2025\/11\/20251016_164328-865x1536.jpg 865w, https:\/\/chatterie-des-simply-red.fr\/wp-content\/uploads\/2025\/11\/20251016_164328-1153x2048.jpg 1153w, https:\/\/chatterie-des-simply-red.fr\/wp-content\/uploads\/2025\/11\/20251016_164328-scaled.jpg 1441w\" sizes=\"auto, (max-width: 577px) 100vw, 577px\" \/><\/figure>\n\n\n\n<figure class=\"wp-block-image size-large\"><img loading=\"lazy\" decoding=\"async\" width=\"577\" height=\"1024\" data-id=\"248\" src=\"https:\/\/chatterie-des-simply-red.fr\/wp-content\/uploads\/2025\/11\/20251016_164409-577x1024.jpg\" alt=\"\" class=\"wp-image-248\" srcset=\"https:\/\/chatterie-des-simply-red.fr\/wp-content\/uploads\/2025\/11\/20251016_164409-577x1024.jpg 577w, https:\/\/chatterie-des-simply-red.fr\/wp-content\/uploads\/2025\/11\/20251016_164409-169x300.jpg 169w, https:\/\/chatterie-des-simply-red.fr\/wp-content\/uploads\/2025\/11\/20251016_164409-768x1364.jpg 768w, https:\/\/chatterie-des-simply-red.fr\/wp-content\/uploads\/2025\/11\/20251016_164409-865x1536.jpg 865w, https:\/\/chatterie-des-simply-red.fr\/wp-content\/uploads\/2025\/11\/20251016_164409-1153x2048.jpg 1153w, https:\/\/chatterie-des-simply-red.fr\/wp-content\/uploads\/2025\/11\/20251016_164409-scaled.jpg 1441w\" sizes=\"auto, (max-width: 577px) 100vw, 577px\" \/><\/figure>\n<\/figure>\n","protected":false},"excerpt":{"rendered":"<p>Notre M\u00e2le Vikking Da Vinci&rsquo;s Coon Nos Femelles Tisca Des \u00c9toiles de Zeus Utopie Des 100 Sous \u00c9toil\u00e9s<\/p>\n","protected":false},"author":1,"featured_media":0,"parent":0,"menu_order":0,"comment_status":"closed","ping_status":"closed","template":"","meta":{"ocean_post_layout":"","ocean_both_sidebars_style":"","ocean_both_sidebars_content_width":0,"ocean_both_sidebars_sidebars_width":0,"ocean_sidebar":"","ocean_second_sidebar":"","ocean_disable_margins":"enable","ocean_add_body_class":"","ocean_shortcode_before_top_bar":"","ocean_shortcode_after_top_bar":"","ocean_shortcode_before_header":"","ocean_shortcode_after_header":"","ocean_has_shortcode":"","ocean_shortcode_after_title":"","ocean_shortcode_before_footer_widgets":"","ocean_shortcode_after_footer_widgets":"","ocean_shortcode_before_footer_bottom":"","ocean_shortcode_after_footer_bottom":"","ocean_display_top_bar":"default","ocean_display_header":"default","ocean_header_style":"","ocean_center_header_left_menu":"","ocean_custom_header_template":"","ocean_custom_logo":0,"ocean_custom_retina_logo":0,"ocean_custom_logo_max_width":0,"ocean_custom_logo_tablet_max_width":0,"ocean_custom_logo_mobile_max_width":0,"ocean_custom_logo_max_height":0,"ocean_custom_logo_tablet_max_height":0,"ocean_custom_logo_mobile_max_height":0,"ocean_header_custom_menu":"","ocean_menu_typo_font_family":"","ocean_menu_typo_font_subset":"","ocean_menu_typo_font_size":0,"ocean_menu_typo_font_size_tablet":0,"ocean_menu_typo_font_size_mobile":0,"ocean_menu_typo_font_size_unit":"px","ocean_menu_typo_font_weight":"","ocean_menu_typo_font_weight_tablet":"","ocean_menu_typo_font_weight_mobile":"","ocean_menu_typo_transform":"","ocean_menu_typo_transform_tablet":"","ocean_menu_typo_transform_mobile":"","ocean_menu_typo_line_height":0,"ocean_menu_typo_line_height_tablet":0,"ocean_menu_typo_line_height_mobile":0,"ocean_menu_typo_line_height_unit":"","ocean_menu_typo_spacing":0,"ocean_menu_typo_spacing_tablet":0,"ocean_menu_typo_spacing_mobile":0,"ocean_menu_typo_spacing_unit":"","ocean_menu_link_color":"","ocean_menu_link_color_hover":"","ocean_menu_link_color_active":"","ocean_menu_link_background":"","ocean_menu_link_hover_background":"","ocean_menu_link_active_background":"","ocean_menu_social_links_bg":"","ocean_menu_social_hover_links_bg":"","ocean_menu_social_links_color":"","ocean_menu_social_hover_links_color":"","ocean_disable_title":"default","ocean_disable_heading":"default","ocean_post_title":"","ocean_post_subheading":"","ocean_post_title_style":"","ocean_post_title_background_color":"","ocean_post_title_background":0,"ocean_post_title_bg_image_position":"","ocean_post_title_bg_image_attachment":"","ocean_post_title_bg_image_repeat":"","ocean_post_title_bg_image_size":"","ocean_post_title_height":0,"ocean_post_title_bg_overlay":0.5,"ocean_post_title_bg_overlay_color":"","ocean_disable_breadcrumbs":"default","ocean_breadcrumbs_color":"","ocean_breadcrumbs_separator_color":"","ocean_breadcrumbs_links_color":"","ocean_breadcrumbs_links_hover_color":"","ocean_display_footer_widgets":"default","ocean_display_footer_bottom":"default","ocean_custom_footer_template":"","footnotes":""},"class_list":["post-35","page","type-page","status-publish","hentry","entry"],"yoast_head":"<!-- This site is optimized with the Yoast SEO plugin v27.2 - https:\/\/yoast.com\/product\/yoast-seo-wordpress\/ -->\n<title>Nos Chats - Chatterie des Simply Red<\/title>\n<meta name=\"robots\" content=\"index, follow, max-snippet:-1, max-image-preview:large, max-video-preview:-1\" \/>\n<link rel=\"canonical\" href=\"https:\/\/chatterie-des-simply-red.fr\/index.php\/nos-chats\/\" \/>\n<meta property=\"og:locale\" content=\"fr_FR\" \/>\n<meta property=\"og:type\" content=\"article\" \/>\n<meta property=\"og:title\" content=\"Nos Chats - Chatterie des Simply Red\" \/>\n<meta property=\"og:description\" content=\"Notre M\u00e2le Vikking Da Vinci&rsquo;s Coon Nos Femelles Tisca Des \u00c9toiles de Zeus Utopie Des 100 Sous \u00c9toil\u00e9s\" \/>\n<meta property=\"og:url\" content=\"https:\/\/chatterie-des-simply-red.fr\/index.php\/nos-chats\/\" \/>\n<meta property=\"og:site_name\" content=\"Chatterie des Simply Red\" \/>\n<meta property=\"article:modified_time\" content=\"2026-03-22T09:57:18+00:00\" \/>\n<meta property=\"og:image\" content=\"https:\/\/chatterie-des-simply-red.fr\/wp-content\/uploads\/2025\/11\/20251016_164202-577x1024.jpg\" \/>\n<meta name=\"twitter:card\" content=\"summary_large_image\" \/>\n<meta name=\"twitter:label1\" content=\"Dur\u00e9e de lecture estim\u00e9e\" \/>\n\t<meta name=\"twitter:data1\" content=\"2 minutes\" \/>\n<script type=\"application\/ld+json\" class=\"yoast-schema-graph\">{\"@context\":\"https:\/\/schema.org\",\"@graph\":[{\"@type\":\"WebPage\",\"@id\":\"https:\/\/chatterie-des-simply-red.fr\/index.php\/nos-chats\/\",\"url\":\"https:\/\/chatterie-des-simply-red.fr\/index.php\/nos-chats\/\",\"name\":\"Nos Chats - Chatterie des Simply Red\",\"isPartOf\":{\"@id\":\"https:\/\/chatterie-des-simply-red.fr\/#website\"},\"primaryImageOfPage\":{\"@id\":\"https:\/\/chatterie-des-simply-red.fr\/index.php\/nos-chats\/#primaryimage\"},\"image\":{\"@id\":\"https:\/\/chatterie-des-simply-red.fr\/index.php\/nos-chats\/#primaryimage\"},\"thumbnailUrl\":\"https:\/\/chatterie-des-simply-red.fr\/wp-content\/uploads\/2025\/11\/20251016_164202-577x1024.jpg\",\"datePublished\":\"2025-09-29T14:44:19+00:00\",\"dateModified\":\"2026-03-22T09:57:18+00:00\",\"breadcrumb\":{\"@id\":\"https:\/\/chatterie-des-simply-red.fr\/index.php\/nos-chats\/#breadcrumb\"},\"inLanguage\":\"fr-FR\",\"potentialAction\":[{\"@type\":\"ReadAction\",\"target\":[\"https:\/\/chatterie-des-simply-red.fr\/index.php\/nos-chats\/\"]}]},{\"@type\":\"ImageObject\",\"inLanguage\":\"fr-FR\",\"@id\":\"https:\/\/chatterie-des-simply-red.fr\/index.php\/nos-chats\/#primaryimage\",\"url\":\"https:\/\/chatterie-des-simply-red.fr\/wp-content\/uploads\/2025\/11\/20251016_164202-scaled.jpg\",\"contentUrl\":\"https:\/\/chatterie-des-simply-red.fr\/wp-content\/uploads\/2025\/11\/20251016_164202-scaled.jpg\",\"width\":1441,\"height\":2560},{\"@type\":\"BreadcrumbList\",\"@id\":\"https:\/\/chatterie-des-simply-red.fr\/index.php\/nos-chats\/#breadcrumb\",\"itemListElement\":[{\"@type\":\"ListItem\",\"position\":1,\"name\":\"Accueil\",\"item\":\"https:\/\/chatterie-des-simply-red.fr\/\"},{\"@type\":\"ListItem\",\"position\":2,\"name\":\"Nos Chats\"}]},{\"@type\":\"WebSite\",\"@id\":\"https:\/\/chatterie-des-simply-red.fr\/#website\",\"url\":\"https:\/\/chatterie-des-simply-red.fr\/\",\"name\":\"Chatterie des Simply Red\",\"description\":\"\u00c9levage familial de Maine Coons\",\"publisher\":{\"@id\":\"https:\/\/chatterie-des-simply-red.fr\/#organization\"},\"potentialAction\":[{\"@type\":\"SearchAction\",\"target\":{\"@type\":\"EntryPoint\",\"urlTemplate\":\"https:\/\/chatterie-des-simply-red.fr\/?s={search_term_string}\"},\"query-input\":{\"@type\":\"PropertyValueSpecification\",\"valueRequired\":true,\"valueName\":\"search_term_string\"}}],\"inLanguage\":\"fr-FR\"},{\"@type\":\"Organization\",\"@id\":\"https:\/\/chatterie-des-simply-red.fr\/#organization\",\"name\":\"Chatterie des Simply Red\",\"url\":\"https:\/\/chatterie-des-simply-red.fr\/\",\"logo\":{\"@type\":\"ImageObject\",\"inLanguage\":\"fr-FR\",\"@id\":\"https:\/\/chatterie-des-simply-red.fr\/#\/schema\/logo\/image\/\",\"url\":\"https:\/\/chatterie-des-simply-red.fr\/wp-content\/uploads\/2025\/09\/cropped-cropped-cropped-cropped-cropped-logo_resized-1-1.png\",\"contentUrl\":\"https:\/\/chatterie-des-simply-red.fr\/wp-content\/uploads\/2025\/09\/cropped-cropped-cropped-cropped-cropped-logo_resized-1-1.png\",\"width\":80,\"height\":73,\"caption\":\"Chatterie des Simply Red\"},\"image\":{\"@id\":\"https:\/\/chatterie-des-simply-red.fr\/#\/schema\/logo\/image\/\"}}]}<\/script>\n<!-- \/ Yoast SEO plugin. -->","yoast_head_json":{"title":"Nos Chats - Chatterie des Simply Red","robots":{"index":"index","follow":"follow","max-snippet":"max-snippet:-1","max-image-preview":"max-image-preview:large","max-video-preview":"max-video-preview:-1"},"canonical":"https:\/\/chatterie-des-simply-red.fr\/index.php\/nos-chats\/","og_locale":"fr_FR","og_type":"article","og_title":"Nos Chats - Chatterie des Simply Red","og_description":"Notre M\u00e2le Vikking Da Vinci&rsquo;s Coon Nos Femelles Tisca Des \u00c9toiles de Zeus Utopie Des 100 Sous \u00c9toil\u00e9s","og_url":"https:\/\/chatterie-des-simply-red.fr\/index.php\/nos-chats\/","og_site_name":"Chatterie des Simply Red","article_modified_time":"2026-03-22T09:57:18+00:00","og_image":[{"url":"https:\/\/chatterie-des-simply-red.fr\/wp-content\/uploads\/2025\/11\/20251016_164202-577x1024.jpg","type":"","width":"","height":""}],"twitter_card":"summary_large_image","twitter_misc":{"Dur\u00e9e de lecture estim\u00e9e":"2 minutes"},"schema":{"@context":"https:\/\/schema.org","@graph":[{"@type":"WebPage","@id":"https:\/\/chatterie-des-simply-red.fr\/index.php\/nos-chats\/","url":"https:\/\/chatterie-des-simply-red.fr\/index.php\/nos-chats\/","name":"Nos Chats - Chatterie des Simply Red","isPartOf":{"@id":"https:\/\/chatterie-des-simply-red.fr\/#website"},"primaryImageOfPage":{"@id":"https:\/\/chatterie-des-simply-red.fr\/index.php\/nos-chats\/#primaryimage"},"image":{"@id":"https:\/\/chatterie-des-simply-red.fr\/index.php\/nos-chats\/#primaryimage"},"thumbnailUrl":"https:\/\/chatterie-des-simply-red.fr\/wp-content\/uploads\/2025\/11\/20251016_164202-577x1024.jpg","datePublished":"2025-09-29T14:44:19+00:00","dateModified":"2026-03-22T09:57:18+00:00","breadcrumb":{"@id":"https:\/\/chatterie-des-simply-red.fr\/index.php\/nos-chats\/#breadcrumb"},"inLanguage":"fr-FR","potentialAction":[{"@type":"ReadAction","target":["https:\/\/chatterie-des-simply-red.fr\/index.php\/nos-chats\/"]}]},{"@type":"ImageObject","inLanguage":"fr-FR","@id":"https:\/\/chatterie-des-simply-red.fr\/index.php\/nos-chats\/#primaryimage","url":"https:\/\/chatterie-des-simply-red.fr\/wp-content\/uploads\/2025\/11\/20251016_164202-scaled.jpg","contentUrl":"https:\/\/chatterie-des-simply-red.fr\/wp-content\/uploads\/2025\/11\/20251016_164202-scaled.jpg","width":1441,"height":2560},{"@type":"BreadcrumbList","@id":"https:\/\/chatterie-des-simply-red.fr\/index.php\/nos-chats\/#breadcrumb","itemListElement":[{"@type":"ListItem","position":1,"name":"Accueil","item":"https:\/\/chatterie-des-simply-red.fr\/"},{"@type":"ListItem","position":2,"name":"Nos Chats"}]},{"@type":"WebSite","@id":"https:\/\/chatterie-des-simply-red.fr\/#website","url":"https:\/\/chatterie-des-simply-red.fr\/","name":"Chatterie des Simply Red","description":"\u00c9levage familial de Maine Coons","publisher":{"@id":"https:\/\/chatterie-des-simply-red.fr\/#organization"},"potentialAction":[{"@type":"SearchAction","target":{"@type":"EntryPoint","urlTemplate":"https:\/\/chatterie-des-simply-red.fr\/?s={search_term_string}"},"query-input":{"@type":"PropertyValueSpecification","valueRequired":true,"valueName":"search_term_string"}}],"inLanguage":"fr-FR"},{"@type":"Organization","@id":"https:\/\/chatterie-des-simply-red.fr\/#organization","name":"Chatterie des Simply Red","url":"https:\/\/chatterie-des-simply-red.fr\/","logo":{"@type":"ImageObject","inLanguage":"fr-FR","@id":"https:\/\/chatterie-des-simply-red.fr\/#\/schema\/logo\/image\/","url":"https:\/\/chatterie-des-simply-red.fr\/wp-content\/uploads\/2025\/09\/cropped-cropped-cropped-cropped-cropped-logo_resized-1-1.png","contentUrl":"https:\/\/chatterie-des-simply-red.fr\/wp-content\/uploads\/2025\/09\/cropped-cropped-cropped-cropped-cropped-logo_resized-1-1.png","width":80,"height":73,"caption":"Chatterie des Simply Red"},"image":{"@id":"https:\/\/chatterie-des-simply-red.fr\/#\/schema\/logo\/image\/"}}]}},"_links":{"self":[{"href":"https:\/\/chatterie-des-simply-red.fr\/index.php\/wp-json\/wp\/v2\/pages\/35","targetHints":{"allow":["GET"]}}],"collection":[{"href":"https:\/\/chatterie-des-simply-red.fr\/index.php\/wp-json\/wp\/v2\/pages"}],"about":[{"href":"https:\/\/chatterie-des-simply-red.fr\/index.php\/wp-json\/wp\/v2\/types\/page"}],"author":[{"embeddable":true,"href":"https:\/\/chatterie-des-simply-red.fr\/index.php\/wp-json\/wp\/v2\/users\/1"}],"replies":[{"embeddable":true,"href":"https:\/\/chatterie-des-simply-red.fr\/index.php\/wp-json\/wp\/v2\/comments?post=35"}],"version-history":[{"count":50,"href":"https:\/\/chatterie-des-simply-red.fr\/index.php\/wp-json\/wp\/v2\/pages\/35\/revisions"}],"predecessor-version":[{"id":749,"href":"https:\/\/chatterie-des-simply-red.fr\/index.php\/wp-json\/wp\/v2\/pages\/35\/revisions\/749"}],"wp:attachment":[{"href":"https:\/\/chatterie-des-simply-red.fr\/index.php\/wp-json\/wp\/v2\/media?parent=35"}],"curies":[{"name":"wp","href":"https:\/\/api.w.org\/{rel}","templated":true}]}}