{"id":560,"date":"2026-03-21T11:30:00","date_gmt":"2026-03-21T11:30:00","guid":{"rendered":"https:\/\/chatterie-des-simply-red.fr\/?page_id=560"},"modified":"2026-03-23T14:42:54","modified_gmt":"2026-03-23T14:42:54","slug":"portee-tisca-vikking-2025","status":"publish","type":"page","link":"https:\/\/chatterie-des-simply-red.fr\/index.php\/chatons\/portee-tisca-vikking-2025\/","title":{"rendered":"Port\u00e9e Tisca \/ Vikking (2025)"},"content":{"rendered":"\n<p class=\"has-text-align-center has-medium-font-size\"><em><strong>A\u2019Cappella et A\u2019Rp\u00e8ge sont n\u00e9s le 01\/10\/2025 \u00e0 la chatterie<\/strong><\/em><\/p>\n\n\n\n<p class=\"has-text-align-center has-medium-font-size\">A\u2019Cappella Des Simply Red ( N\u00e9 le 01\/10\/2025)<\/p>\n\n\n\n<div class=\"wp-block-columns is-layout-flex wp-container-core-columns-is-layout-9d6595d7 wp-block-columns-is-layout-flex\">\n<div class=\"wp-block-column is-layout-flow wp-block-column-is-layout-flow\">\n<figure class=\"wp-block-image size-large\"><img loading=\"lazy\" decoding=\"async\" width=\"577\" height=\"1024\" src=\"https:\/\/chatterie-des-simply-red.fr\/wp-content\/uploads\/2026\/03\/20251109_174914-577x1024.jpg\" alt=\"\" class=\"wp-image-561\" srcset=\"https:\/\/chatterie-des-simply-red.fr\/wp-content\/uploads\/2026\/03\/20251109_174914-577x1024.jpg 577w, https:\/\/chatterie-des-simply-red.fr\/wp-content\/uploads\/2026\/03\/20251109_174914-169x300.jpg 169w, https:\/\/chatterie-des-simply-red.fr\/wp-content\/uploads\/2026\/03\/20251109_174914-768x1364.jpg 768w, https:\/\/chatterie-des-simply-red.fr\/wp-content\/uploads\/2026\/03\/20251109_174914-865x1536.jpg 865w, https:\/\/chatterie-des-simply-red.fr\/wp-content\/uploads\/2026\/03\/20251109_174914-1153x2048.jpg 1153w, https:\/\/chatterie-des-simply-red.fr\/wp-content\/uploads\/2026\/03\/20251109_174914-scaled.jpg 1441w\" sizes=\"auto, (max-width: 577px) 100vw, 577px\" \/><\/figure>\n<\/div>\n\n\n\n<div class=\"wp-block-column is-layout-flow wp-block-column-is-layout-flow\">\n<figure class=\"wp-block-image size-large\"><img loading=\"lazy\" decoding=\"async\" width=\"773\" height=\"1024\" src=\"https:\/\/chatterie-des-simply-red.fr\/wp-content\/uploads\/2026\/03\/20260228_2022113-2-773x1024.jpg\" alt=\"\" class=\"wp-image-563\" srcset=\"https:\/\/chatterie-des-simply-red.fr\/wp-content\/uploads\/2026\/03\/20260228_2022113-2-773x1024.jpg 773w, https:\/\/chatterie-des-simply-red.fr\/wp-content\/uploads\/2026\/03\/20260228_2022113-2-226x300.jpg 226w, https:\/\/chatterie-des-simply-red.fr\/wp-content\/uploads\/2026\/03\/20260228_2022113-2-768x1018.jpg 768w, https:\/\/chatterie-des-simply-red.fr\/wp-content\/uploads\/2026\/03\/20260228_2022113-2-1159x1536.jpg 1159w, https:\/\/chatterie-des-simply-red.fr\/wp-content\/uploads\/2026\/03\/20260228_2022113-2-1546x2048.jpg 1546w, https:\/\/chatterie-des-simply-red.fr\/wp-content\/uploads\/2026\/03\/20260228_2022113-2-scaled.jpg 1932w\" sizes=\"auto, (max-width: 773px) 100vw, 773px\" \/><\/figure>\n<\/div>\n\n\n\n<div class=\"wp-block-column has-small-font-size is-layout-flow wp-block-column-is-layout-flow\">\n<figure class=\"wp-block-image size-large\"><img loading=\"lazy\" decoding=\"async\" width=\"648\" height=\"1024\" src=\"https:\/\/chatterie-des-simply-red.fr\/wp-content\/uploads\/2026\/03\/637002404_122190543338384990_7429041954806748579_n-1-648x1024.jpg\" alt=\"\" class=\"wp-image-562\" srcset=\"https:\/\/chatterie-des-simply-red.fr\/wp-content\/uploads\/2026\/03\/637002404_122190543338384990_7429041954806748579_n-1-648x1024.jpg 648w, https:\/\/chatterie-des-simply-red.fr\/wp-content\/uploads\/2026\/03\/637002404_122190543338384990_7429041954806748579_n-1-190x300.jpg 190w, https:\/\/chatterie-des-simply-red.fr\/wp-content\/uploads\/2026\/03\/637002404_122190543338384990_7429041954806748579_n-1-768x1214.jpg 768w, https:\/\/chatterie-des-simply-red.fr\/wp-content\/uploads\/2026\/03\/637002404_122190543338384990_7429041954806748579_n-1-972x1536.jpg 972w, https:\/\/chatterie-des-simply-red.fr\/wp-content\/uploads\/2026\/03\/637002404_122190543338384990_7429041954806748579_n-1.jpg 1296w\" sizes=\"auto, (max-width: 648px) 100vw, 648px\" \/><\/figure>\n<\/div>\n<\/div>\n\n\n\n<div class=\"wp-block-group\"><div class=\"wp-block-group__inner-container is-layout-constrained wp-block-group-is-layout-constrained\">\n<div class=\"wp-block-columns is-layout-flex wp-container-core-columns-is-layout-9d6595d7 wp-block-columns-is-layout-flex\">\n<div class=\"wp-block-column is-layout-flow wp-block-column-is-layout-flow\" style=\"flex-basis:100%\">\n<p class=\"has-text-align-left\" style=\"font-size:14px\">\u00a0\ud83d\udfe2 <strong>Disponible<\/strong> \u00a0 <br><strong><em>Adoption<\/em>\u00a0<\/strong>: 1400 <em>Euros <\/em><\/p>\n<\/div>\n<\/div>\n<\/div><\/div>\n\n\n\n<p><strong><em>Pos\u00e9 \u2022 Doux \u2022 R\u00e9fl\u00e9chi<\/em><\/strong><\/p>\n\n\n\n<p class=\"has-small-font-size\"><strong><em><mark style=\"background-color:rgba(0, 0, 0, 0)\" class=\"has-inline-color has-black-color\">A\u2019Cappella&nbsp;<\/mark><\/em><\/strong>est un petit m\u00e2le calme au temp\u00e9rament doux et apaisant.<br>Il observe plus qu\u2019il ne fonce, prend son temps pour analyser chaque situation et pr\u00e9f\u00e8re les interactions calmes aux grandes courses-poursuites.<br>Tr\u00e8s affectueux, il appr\u00e9cie les c\u00e2lins tranquilles et la pr\u00e9sence humaine, sans jamais \u00eatre envahissant.<\/p>\n\n\n\n<p>Un chaton stable, tendre et r\u00e9fl\u00e9chi, parfait pour un foyer recherchant un compagnon serein, \u00e9quilibr\u00e9 et proche de l\u2019humain.<\/p>\n\n\n\n<div style=\"height:38px\" aria-hidden=\"true\" class=\"wp-block-spacer\"><\/div>\n\n\n\n<p class=\"has-text-align-center has-medium-font-size\"><em><strong>A\u2019Rp\u00e8ge Des Simply Red (N\u00e9 le 01\/10\/2025 )<\/strong><\/em><\/p>\n\n\n\n<div class=\"wp-block-columns is-layout-flex wp-container-core-columns-is-layout-9d6595d7 wp-block-columns-is-layout-flex\">\n<div class=\"wp-block-column is-layout-flow wp-block-column-is-layout-flow\">\n<figure class=\"wp-block-image size-large\"><img loading=\"lazy\" decoding=\"async\" width=\"577\" height=\"1024\" src=\"https:\/\/chatterie-des-simply-red.fr\/wp-content\/uploads\/2026\/03\/20251109_175046-577x1024.jpg\" alt=\"\" class=\"wp-image-564\" srcset=\"https:\/\/chatterie-des-simply-red.fr\/wp-content\/uploads\/2026\/03\/20251109_175046-577x1024.jpg 577w, https:\/\/chatterie-des-simply-red.fr\/wp-content\/uploads\/2026\/03\/20251109_175046-169x300.jpg 169w, https:\/\/chatterie-des-simply-red.fr\/wp-content\/uploads\/2026\/03\/20251109_175046-768x1364.jpg 768w, https:\/\/chatterie-des-simply-red.fr\/wp-content\/uploads\/2026\/03\/20251109_175046-865x1536.jpg 865w, https:\/\/chatterie-des-simply-red.fr\/wp-content\/uploads\/2026\/03\/20251109_175046-1153x2048.jpg 1153w, https:\/\/chatterie-des-simply-red.fr\/wp-content\/uploads\/2026\/03\/20251109_175046-scaled.jpg 1441w\" sizes=\"auto, (max-width: 577px) 100vw, 577px\" \/><\/figure>\n<\/div>\n\n\n\n<div class=\"wp-block-column is-layout-flow wp-block-column-is-layout-flow\">\n<figure class=\"wp-block-image size-large\"><img loading=\"lazy\" decoding=\"async\" width=\"577\" height=\"1024\" src=\"https:\/\/chatterie-des-simply-red.fr\/wp-content\/uploads\/2026\/03\/20251109_175106-577x1024.jpg\" alt=\"\" class=\"wp-image-565\" srcset=\"https:\/\/chatterie-des-simply-red.fr\/wp-content\/uploads\/2026\/03\/20251109_175106-577x1024.jpg 577w, https:\/\/chatterie-des-simply-red.fr\/wp-content\/uploads\/2026\/03\/20251109_175106-169x300.jpg 169w, https:\/\/chatterie-des-simply-red.fr\/wp-content\/uploads\/2026\/03\/20251109_175106-768x1364.jpg 768w, https:\/\/chatterie-des-simply-red.fr\/wp-content\/uploads\/2026\/03\/20251109_175106-865x1536.jpg 865w, https:\/\/chatterie-des-simply-red.fr\/wp-content\/uploads\/2026\/03\/20251109_175106-1153x2048.jpg 1153w, https:\/\/chatterie-des-simply-red.fr\/wp-content\/uploads\/2026\/03\/20251109_175106-scaled.jpg 1441w\" sizes=\"auto, (max-width: 577px) 100vw, 577px\" \/><\/figure>\n<\/div>\n\n\n\n<div class=\"wp-block-column is-layout-flow wp-block-column-is-layout-flow\">\n<figure class=\"wp-block-image size-large\"><img loading=\"lazy\" decoding=\"async\" width=\"577\" height=\"1024\" src=\"https:\/\/chatterie-des-simply-red.fr\/wp-content\/uploads\/2026\/03\/20251109_174509-577x1024.jpg\" alt=\"\" class=\"wp-image-566\" srcset=\"https:\/\/chatterie-des-simply-red.fr\/wp-content\/uploads\/2026\/03\/20251109_174509-577x1024.jpg 577w, https:\/\/chatterie-des-simply-red.fr\/wp-content\/uploads\/2026\/03\/20251109_174509-169x300.jpg 169w, https:\/\/chatterie-des-simply-red.fr\/wp-content\/uploads\/2026\/03\/20251109_174509-768x1364.jpg 768w, https:\/\/chatterie-des-simply-red.fr\/wp-content\/uploads\/2026\/03\/20251109_174509-865x1536.jpg 865w, https:\/\/chatterie-des-simply-red.fr\/wp-content\/uploads\/2026\/03\/20251109_174509-1153x2048.jpg 1153w, https:\/\/chatterie-des-simply-red.fr\/wp-content\/uploads\/2026\/03\/20251109_174509-scaled.jpg 1441w\" sizes=\"auto, (max-width: 577px) 100vw, 577px\" \/><\/figure>\n<\/div>\n<\/div>\n\n\n\n<p>\ud83c\udfe1 <strong>Adopt\u00e9<\/strong><\/p>\n\n\n\n<p><strong><em>Curieux \u2022 Hyperactif \u2022 Affectueux<\/em><\/strong><\/p>\n\n\n\n<p><strong><em>A\u2019Rp\u00e8ge<\/em><\/strong>&nbsp;est un petit m\u00e2le plein de vie, toujours pr\u00eat \u00e0 explorer, grimper et d\u00e9couvrir tout ce qui l\u2019entoure.<br>C\u2019est le plus curieux de la fratrie : rien ne lui \u00e9chappe, il veut tout comprendre et tout tester !<br>Sous son \u00e9nergie d\u00e9bordante se cache pourtant un c\u0153ur tendre : d\u00e8s qu\u2019il a fini de jouer, il vient chercher la proximit\u00e9 et les c\u00e2lins.<\/p>\n\n\n\n<p>Un chaton dynamique, intelligent et tr\u00e8s attachant, id\u00e9al pour une famille aimant un Maine Coon actif mais incroyablement doux.<\/p>\n\n\n\n<div style=\"height:100px\" aria-hidden=\"true\" class=\"wp-block-spacer\"><\/div>\n\n\n\n<p class=\"has-text-align-center has-medium-font-size\"><strong><em>L\u00e9gende<\/em><\/strong><\/p>\n\n\n\n<p class=\"has-text-align-center has-medium-font-size\">\ud83d\udfe2 Disponible \u2013 \ud83d\udfe1 Option \u2013 \ud83d\udd34 R\u00e9serv\u00e9 \u2013 \ud83d\udd52 Bient\u00f4t disponible \u2013 \ud83c\udfe1 Adopt\u00e9<\/p>\n\n\n\n<p><\/p>\n","protected":false},"excerpt":{"rendered":"<p>A\u2019Cappella et A\u2019Rp\u00e8ge sont n\u00e9s le 01\/10\/2025 \u00e0 la chatterie A\u2019Cappella Des Simply Red ( N\u00e9 le 01\/10\/2025) \u00a0\ud83d\udfe2 Disponible \u00a0 Adoption\u00a0: 1400 Euros Pos\u00e9 \u2022 Doux \u2022 R\u00e9fl\u00e9chi A\u2019Cappella&nbsp;est un petit m\u00e2le calme au temp\u00e9rament doux et apaisant.Il observe plus qu\u2019il ne fonce, prend son temps pour analyser chaque situation et pr\u00e9f\u00e8re les interactions [&hellip;]<\/p>\n","protected":false},"author":1,"featured_media":0,"parent":36,"menu_order":1,"comment_status":"closed","ping_status":"closed","template":"","meta":{"ocean_post_layout":"","ocean_both_sidebars_style":"","ocean_both_sidebars_content_width":0,"ocean_both_sidebars_sidebars_width":0,"ocean_sidebar":"","ocean_second_sidebar":"","ocean_disable_margins":"enable","ocean_add_body_class":"","ocean_shortcode_before_top_bar":"","ocean_shortcode_after_top_bar":"","ocean_shortcode_before_header":"","ocean_shortcode_after_header":"","ocean_has_shortcode":"","ocean_shortcode_after_title":"","ocean_shortcode_before_footer_widgets":"","ocean_shortcode_after_footer_widgets":"","ocean_shortcode_before_footer_bottom":"","ocean_shortcode_after_footer_bottom":"","ocean_display_top_bar":"default","ocean_display_header":"default","ocean_header_style":"","ocean_center_header_left_menu":"","ocean_custom_header_template":"","ocean_custom_logo":0,"ocean_custom_retina_logo":0,"ocean_custom_logo_max_width":0,"ocean_custom_logo_tablet_max_width":0,"ocean_custom_logo_mobile_max_width":0,"ocean_custom_logo_max_height":0,"ocean_custom_logo_tablet_max_height":0,"ocean_custom_logo_mobile_max_height":0,"ocean_header_custom_menu":"","ocean_menu_typo_font_family":"","ocean_menu_typo_font_subset":"","ocean_menu_typo_font_size":0,"ocean_menu_typo_font_size_tablet":0,"ocean_menu_typo_font_size_mobile":0,"ocean_menu_typo_font_size_unit":"px","ocean_menu_typo_font_weight":"","ocean_menu_typo_font_weight_tablet":"","ocean_menu_typo_font_weight_mobile":"","ocean_menu_typo_transform":"","ocean_menu_typo_transform_tablet":"","ocean_menu_typo_transform_mobile":"","ocean_menu_typo_line_height":0,"ocean_menu_typo_line_height_tablet":0,"ocean_menu_typo_line_height_mobile":0,"ocean_menu_typo_line_height_unit":"","ocean_menu_typo_spacing":0,"ocean_menu_typo_spacing_tablet":0,"ocean_menu_typo_spacing_mobile":0,"ocean_menu_typo_spacing_unit":"","ocean_menu_link_color":"","ocean_menu_link_color_hover":"","ocean_menu_link_color_active":"","ocean_menu_link_background":"","ocean_menu_link_hover_background":"","ocean_menu_link_active_background":"","ocean_menu_social_links_bg":"","ocean_menu_social_hover_links_bg":"","ocean_menu_social_links_color":"","ocean_menu_social_hover_links_color":"","ocean_disable_title":"default","ocean_disable_heading":"default","ocean_post_title":"","ocean_post_subheading":"","ocean_post_title_style":"","ocean_post_title_background_color":"","ocean_post_title_background":0,"ocean_post_title_bg_image_position":"","ocean_post_title_bg_image_attachment":"","ocean_post_title_bg_image_repeat":"","ocean_post_title_bg_image_size":"","ocean_post_title_height":0,"ocean_post_title_bg_overlay":0.5,"ocean_post_title_bg_overlay_color":"","ocean_disable_breadcrumbs":"default","ocean_breadcrumbs_color":"","ocean_breadcrumbs_separator_color":"","ocean_breadcrumbs_links_color":"","ocean_breadcrumbs_links_hover_color":"","ocean_display_footer_widgets":"default","ocean_display_footer_bottom":"default","ocean_custom_footer_template":"","footnotes":""},"class_list":["post-560","page","type-page","status-publish","hentry","entry"],"yoast_head":"<!-- This site is optimized with the Yoast SEO plugin v27.2 - https:\/\/yoast.com\/product\/yoast-seo-wordpress\/ -->\n<title>Port\u00e9e Tisca \/ Vikking (2025) - Chatterie des Simply Red<\/title>\n<meta name=\"robots\" content=\"index, follow, max-snippet:-1, max-image-preview:large, max-video-preview:-1\" \/>\n<link rel=\"canonical\" href=\"https:\/\/chatterie-des-simply-red.fr\/index.php\/chatons\/portee-tisca-vikking-2025\/\" \/>\n<meta property=\"og:locale\" content=\"fr_FR\" \/>\n<meta property=\"og:type\" content=\"article\" \/>\n<meta property=\"og:title\" content=\"Port\u00e9e Tisca \/ Vikking (2025) - Chatterie des Simply Red\" \/>\n<meta property=\"og:description\" content=\"A\u2019Cappella et A\u2019Rp\u00e8ge sont n\u00e9s le 01\/10\/2025 \u00e0 la chatterie A\u2019Cappella Des Simply Red ( N\u00e9 le 01\/10\/2025) \u00a0\ud83d\udfe2 Disponible \u00a0 Adoption\u00a0: 1400 Euros Pos\u00e9 \u2022 Doux \u2022 R\u00e9fl\u00e9chi A\u2019Cappella&nbsp;est un petit m\u00e2le calme au temp\u00e9rament doux et apaisant.Il observe plus qu\u2019il ne fonce, prend son temps pour analyser chaque situation et pr\u00e9f\u00e8re les interactions [&hellip;]\" \/>\n<meta property=\"og:url\" content=\"https:\/\/chatterie-des-simply-red.fr\/index.php\/chatons\/portee-tisca-vikking-2025\/\" \/>\n<meta property=\"og:site_name\" content=\"Chatterie des Simply Red\" \/>\n<meta property=\"article:modified_time\" content=\"2026-03-23T14:42:54+00:00\" \/>\n<meta property=\"og:image\" content=\"https:\/\/chatterie-des-simply-red.fr\/wp-content\/uploads\/2026\/03\/20251109_174914-577x1024.jpg\" \/>\n<meta name=\"twitter:card\" content=\"summary_large_image\" \/>\n<meta name=\"twitter:label1\" content=\"Dur\u00e9e de lecture estim\u00e9e\" \/>\n\t<meta name=\"twitter:data1\" content=\"3 minutes\" \/>\n<script type=\"application\/ld+json\" class=\"yoast-schema-graph\">{\"@context\":\"https:\/\/schema.org\",\"@graph\":[{\"@type\":\"WebPage\",\"@id\":\"https:\/\/chatterie-des-simply-red.fr\/index.php\/chatons\/portee-tisca-vikking-2025\/\",\"url\":\"https:\/\/chatterie-des-simply-red.fr\/index.php\/chatons\/portee-tisca-vikking-2025\/\",\"name\":\"Port\u00e9e Tisca \/ Vikking (2025) - Chatterie des Simply Red\",\"isPartOf\":{\"@id\":\"https:\/\/chatterie-des-simply-red.fr\/#website\"},\"primaryImageOfPage\":{\"@id\":\"https:\/\/chatterie-des-simply-red.fr\/index.php\/chatons\/portee-tisca-vikking-2025\/#primaryimage\"},\"image\":{\"@id\":\"https:\/\/chatterie-des-simply-red.fr\/index.php\/chatons\/portee-tisca-vikking-2025\/#primaryimage\"},\"thumbnailUrl\":\"https:\/\/chatterie-des-simply-red.fr\/wp-content\/uploads\/2026\/03\/20251109_174914-577x1024.jpg\",\"datePublished\":\"2026-03-21T11:30:00+00:00\",\"dateModified\":\"2026-03-23T14:42:54+00:00\",\"breadcrumb\":{\"@id\":\"https:\/\/chatterie-des-simply-red.fr\/index.php\/chatons\/portee-tisca-vikking-2025\/#breadcrumb\"},\"inLanguage\":\"fr-FR\",\"potentialAction\":[{\"@type\":\"ReadAction\",\"target\":[\"https:\/\/chatterie-des-simply-red.fr\/index.php\/chatons\/portee-tisca-vikking-2025\/\"]}]},{\"@type\":\"ImageObject\",\"inLanguage\":\"fr-FR\",\"@id\":\"https:\/\/chatterie-des-simply-red.fr\/index.php\/chatons\/portee-tisca-vikking-2025\/#primaryimage\",\"url\":\"https:\/\/chatterie-des-simply-red.fr\/wp-content\/uploads\/2026\/03\/20251109_174914-scaled.jpg\",\"contentUrl\":\"https:\/\/chatterie-des-simply-red.fr\/wp-content\/uploads\/2026\/03\/20251109_174914-scaled.jpg\",\"width\":1441,\"height\":2560},{\"@type\":\"BreadcrumbList\",\"@id\":\"https:\/\/chatterie-des-simply-red.fr\/index.php\/chatons\/portee-tisca-vikking-2025\/#breadcrumb\",\"itemListElement\":[{\"@type\":\"ListItem\",\"position\":1,\"name\":\"Accueil\",\"item\":\"https:\/\/chatterie-des-simply-red.fr\/\"},{\"@type\":\"ListItem\",\"position\":2,\"name\":\"Nos Chatons\",\"item\":\"https:\/\/chatterie-des-simply-red.fr\/index.php\/chatons\/\"},{\"@type\":\"ListItem\",\"position\":3,\"name\":\"Port\u00e9e Tisca \/ Vikking (2025)\"}]},{\"@type\":\"WebSite\",\"@id\":\"https:\/\/chatterie-des-simply-red.fr\/#website\",\"url\":\"https:\/\/chatterie-des-simply-red.fr\/\",\"name\":\"Chatterie des Simply Red\",\"description\":\"\u00c9levage familial de Maine Coons\",\"publisher\":{\"@id\":\"https:\/\/chatterie-des-simply-red.fr\/#organization\"},\"potentialAction\":[{\"@type\":\"SearchAction\",\"target\":{\"@type\":\"EntryPoint\",\"urlTemplate\":\"https:\/\/chatterie-des-simply-red.fr\/?s={search_term_string}\"},\"query-input\":{\"@type\":\"PropertyValueSpecification\",\"valueRequired\":true,\"valueName\":\"search_term_string\"}}],\"inLanguage\":\"fr-FR\"},{\"@type\":\"Organization\",\"@id\":\"https:\/\/chatterie-des-simply-red.fr\/#organization\",\"name\":\"Chatterie des Simply Red\",\"url\":\"https:\/\/chatterie-des-simply-red.fr\/\",\"logo\":{\"@type\":\"ImageObject\",\"inLanguage\":\"fr-FR\",\"@id\":\"https:\/\/chatterie-des-simply-red.fr\/#\/schema\/logo\/image\/\",\"url\":\"https:\/\/chatterie-des-simply-red.fr\/wp-content\/uploads\/2025\/09\/cropped-cropped-cropped-cropped-cropped-logo_resized-1-1.png\",\"contentUrl\":\"https:\/\/chatterie-des-simply-red.fr\/wp-content\/uploads\/2025\/09\/cropped-cropped-cropped-cropped-cropped-logo_resized-1-1.png\",\"width\":80,\"height\":73,\"caption\":\"Chatterie des Simply Red\"},\"image\":{\"@id\":\"https:\/\/chatterie-des-simply-red.fr\/#\/schema\/logo\/image\/\"}}]}<\/script>\n<!-- \/ Yoast SEO plugin. -->","yoast_head_json":{"title":"Port\u00e9e Tisca \/ Vikking (2025) - Chatterie des Simply Red","robots":{"index":"index","follow":"follow","max-snippet":"max-snippet:-1","max-image-preview":"max-image-preview:large","max-video-preview":"max-video-preview:-1"},"canonical":"https:\/\/chatterie-des-simply-red.fr\/index.php\/chatons\/portee-tisca-vikking-2025\/","og_locale":"fr_FR","og_type":"article","og_title":"Port\u00e9e Tisca \/ Vikking (2025) - Chatterie des Simply Red","og_description":"A\u2019Cappella et A\u2019Rp\u00e8ge sont n\u00e9s le 01\/10\/2025 \u00e0 la chatterie A\u2019Cappella Des Simply Red ( N\u00e9 le 01\/10\/2025) \u00a0\ud83d\udfe2 Disponible \u00a0 Adoption\u00a0: 1400 Euros Pos\u00e9 \u2022 Doux \u2022 R\u00e9fl\u00e9chi A\u2019Cappella&nbsp;est un petit m\u00e2le calme au temp\u00e9rament doux et apaisant.Il observe plus qu\u2019il ne fonce, prend son temps pour analyser chaque situation et pr\u00e9f\u00e8re les interactions [&hellip;]","og_url":"https:\/\/chatterie-des-simply-red.fr\/index.php\/chatons\/portee-tisca-vikking-2025\/","og_site_name":"Chatterie des Simply Red","article_modified_time":"2026-03-23T14:42:54+00:00","og_image":[{"url":"https:\/\/chatterie-des-simply-red.fr\/wp-content\/uploads\/2026\/03\/20251109_174914-577x1024.jpg","type":"","width":"","height":""}],"twitter_card":"summary_large_image","twitter_misc":{"Dur\u00e9e de lecture estim\u00e9e":"3 minutes"},"schema":{"@context":"https:\/\/schema.org","@graph":[{"@type":"WebPage","@id":"https:\/\/chatterie-des-simply-red.fr\/index.php\/chatons\/portee-tisca-vikking-2025\/","url":"https:\/\/chatterie-des-simply-red.fr\/index.php\/chatons\/portee-tisca-vikking-2025\/","name":"Port\u00e9e Tisca \/ Vikking (2025) - Chatterie des Simply Red","isPartOf":{"@id":"https:\/\/chatterie-des-simply-red.fr\/#website"},"primaryImageOfPage":{"@id":"https:\/\/chatterie-des-simply-red.fr\/index.php\/chatons\/portee-tisca-vikking-2025\/#primaryimage"},"image":{"@id":"https:\/\/chatterie-des-simply-red.fr\/index.php\/chatons\/portee-tisca-vikking-2025\/#primaryimage"},"thumbnailUrl":"https:\/\/chatterie-des-simply-red.fr\/wp-content\/uploads\/2026\/03\/20251109_174914-577x1024.jpg","datePublished":"2026-03-21T11:30:00+00:00","dateModified":"2026-03-23T14:42:54+00:00","breadcrumb":{"@id":"https:\/\/chatterie-des-simply-red.fr\/index.php\/chatons\/portee-tisca-vikking-2025\/#breadcrumb"},"inLanguage":"fr-FR","potentialAction":[{"@type":"ReadAction","target":["https:\/\/chatterie-des-simply-red.fr\/index.php\/chatons\/portee-tisca-vikking-2025\/"]}]},{"@type":"ImageObject","inLanguage":"fr-FR","@id":"https:\/\/chatterie-des-simply-red.fr\/index.php\/chatons\/portee-tisca-vikking-2025\/#primaryimage","url":"https:\/\/chatterie-des-simply-red.fr\/wp-content\/uploads\/2026\/03\/20251109_174914-scaled.jpg","contentUrl":"https:\/\/chatterie-des-simply-red.fr\/wp-content\/uploads\/2026\/03\/20251109_174914-scaled.jpg","width":1441,"height":2560},{"@type":"BreadcrumbList","@id":"https:\/\/chatterie-des-simply-red.fr\/index.php\/chatons\/portee-tisca-vikking-2025\/#breadcrumb","itemListElement":[{"@type":"ListItem","position":1,"name":"Accueil","item":"https:\/\/chatterie-des-simply-red.fr\/"},{"@type":"ListItem","position":2,"name":"Nos Chatons","item":"https:\/\/chatterie-des-simply-red.fr\/index.php\/chatons\/"},{"@type":"ListItem","position":3,"name":"Port\u00e9e Tisca \/ Vikking (2025)"}]},{"@type":"WebSite","@id":"https:\/\/chatterie-des-simply-red.fr\/#website","url":"https:\/\/chatterie-des-simply-red.fr\/","name":"Chatterie des Simply Red","description":"\u00c9levage familial de Maine Coons","publisher":{"@id":"https:\/\/chatterie-des-simply-red.fr\/#organization"},"potentialAction":[{"@type":"SearchAction","target":{"@type":"EntryPoint","urlTemplate":"https:\/\/chatterie-des-simply-red.fr\/?s={search_term_string}"},"query-input":{"@type":"PropertyValueSpecification","valueRequired":true,"valueName":"search_term_string"}}],"inLanguage":"fr-FR"},{"@type":"Organization","@id":"https:\/\/chatterie-des-simply-red.fr\/#organization","name":"Chatterie des Simply Red","url":"https:\/\/chatterie-des-simply-red.fr\/","logo":{"@type":"ImageObject","inLanguage":"fr-FR","@id":"https:\/\/chatterie-des-simply-red.fr\/#\/schema\/logo\/image\/","url":"https:\/\/chatterie-des-simply-red.fr\/wp-content\/uploads\/2025\/09\/cropped-cropped-cropped-cropped-cropped-logo_resized-1-1.png","contentUrl":"https:\/\/chatterie-des-simply-red.fr\/wp-content\/uploads\/2025\/09\/cropped-cropped-cropped-cropped-cropped-logo_resized-1-1.png","width":80,"height":73,"caption":"Chatterie des Simply Red"},"image":{"@id":"https:\/\/chatterie-des-simply-red.fr\/#\/schema\/logo\/image\/"}}]}},"_links":{"self":[{"href":"https:\/\/chatterie-des-simply-red.fr\/index.php\/wp-json\/wp\/v2\/pages\/560","targetHints":{"allow":["GET"]}}],"collection":[{"href":"https:\/\/chatterie-des-simply-red.fr\/index.php\/wp-json\/wp\/v2\/pages"}],"about":[{"href":"https:\/\/chatterie-des-simply-red.fr\/index.php\/wp-json\/wp\/v2\/types\/page"}],"author":[{"embeddable":true,"href":"https:\/\/chatterie-des-simply-red.fr\/index.php\/wp-json\/wp\/v2\/users\/1"}],"replies":[{"embeddable":true,"href":"https:\/\/chatterie-des-simply-red.fr\/index.php\/wp-json\/wp\/v2\/comments?post=560"}],"version-history":[{"count":17,"href":"https:\/\/chatterie-des-simply-red.fr\/index.php\/wp-json\/wp\/v2\/pages\/560\/revisions"}],"predecessor-version":[{"id":919,"href":"https:\/\/chatterie-des-simply-red.fr\/index.php\/wp-json\/wp\/v2\/pages\/560\/revisions\/919"}],"up":[{"embeddable":true,"href":"https:\/\/chatterie-des-simply-red.fr\/index.php\/wp-json\/wp\/v2\/pages\/36"}],"wp:attachment":[{"href":"https:\/\/chatterie-des-simply-red.fr\/index.php\/wp-json\/wp\/v2\/media?parent=560"}],"curies":[{"name":"wp","href":"https:\/\/api.w.org\/{rel}","templated":true}]}}